{"id":236,"date":"2022-02-16T14:47:23","date_gmt":"2022-02-16T17:47:23","guid":{"rendered":"https:\/\/gameus.pwmd.com.br\/?page_id=236"},"modified":"2022-02-17T00:02:14","modified_gmt":"2022-02-17T03:02:14","slug":"politica-de-privacidade","status":"publish","type":"page","link":"https:\/\/gameus.pwmd.com.br\/index.php\/politica-de-privacidade\/","title":{"rendered":"Pol\u00edtica de Privacidade"},"content":{"rendered":"\t\t<div data-elementor-type=\"wp-page\" data-elementor-id=\"236\" class=\"elementor elementor-236\" data-elementor-settings=\"[]\">\n\t\t\t\t\t\t\t<div class=\"elementor-section-wrap\">\n\t\t\t\t\t\t\t<section class=\"elementor-section elementor-top-section elementor-element elementor-element-3d4aedb3 elementor-section-boxed elementor-section-height-default elementor-section-height-default wpr-particle-no wpr-jarallax-no wpr-parallax-no wpr-sticky-section-no\" data-id=\"3d4aedb3\" data-element_type=\"section\">\n\t\t\t\t\t\t<div class=\"elementor-container elementor-column-gap-default\">\n\t\t\t\t\t<div class=\"elementor-column elementor-col-100 elementor-top-column elementor-element elementor-element-5f0cbbaa\" data-id=\"5f0cbbaa\" data-element_type=\"column\">\n\t\t\t<div class=\"elementor-widget-wrap elementor-element-populated\">\n\t\t\t\t\t\t\t\t<div class=\"elementor-element elementor-element-7ff5eab elementor-widget elementor-widget-text-editor\" data-id=\"7ff5eab\" data-element_type=\"widget\" data-widget_type=\"text-editor.default\">\n\t\t\t\t<div class=\"elementor-widget-container\">\n\t\t\t<style>\/*! elementor - v3.5.6 - 28-02-2022 *\/\n.elementor-widget-text-editor.elementor-drop-cap-view-stacked .elementor-drop-cap{background-color:#818a91;color:#fff}.elementor-widget-text-editor.elementor-drop-cap-view-framed .elementor-drop-cap{color:#818a91;border:3px solid;background-color:transparent}.elementor-widget-text-editor:not(.elementor-drop-cap-view-default) .elementor-drop-cap{margin-top:8px}.elementor-widget-text-editor:not(.elementor-drop-cap-view-default) .elementor-drop-cap-letter{width:1em;height:1em}.elementor-widget-text-editor .elementor-drop-cap{float:left;text-align:center;line-height:1;font-size:50px}.elementor-widget-text-editor .elementor-drop-cap-letter{display:inline-block}<\/style>\t\t\t\t<p><span style=\"font-weight: 400;\">No site Game Us Blog a privacidade e seguran\u00e7a dos seus dados s\u00e3o tratados com prioridades. <\/span><span style=\"font-weight: 400;\">Por isso, nos comprometemos com a transpar\u00eancia do tratamento de dados pessoais das(os) nossas(os) usu\u00e1rias(os). Esse documento sobre <\/span><b>Pol\u00edtica de Privacidade<\/b><span style=\"font-weight: 400;\"> estabelece como \u00e9 feita a coleta e o uso das informa\u00e7\u00f5es das(os) usu\u00e1rias(os) que acessam nosso site.<\/span><span style=\"font-weight: 400;\">\u00a0\u00a0<\/span><\/p><p><span style=\"font-weight: 400;\">Ao utilizar nosso site, voc\u00ea entende que coletaremos e usaremos suas informa\u00e7\u00f5es pessoais nas formas descritas nesta Pol\u00edtica, sob as normas de Prote\u00e7\u00e3o de Dados (LGPD, Lei Federal 13.709\/2018), das disposi\u00e7\u00f5es consumeristas da Lei Federal 8078\/1990 e as demais normas do ordenamento jur\u00eddico brasileiro aplic\u00e1veis.<\/span><\/p><p><span style=\"font-weight: 400;\">Neste sentido, a administra\u00e7\u00e3o do site, intitulado Game Us, no papel de Controladores de Dados, obrigam-se ao disposto na presente pol\u00edtica de privacidade.\u00a0<\/span><\/p><p><span style=\"font-weight: 400;\">\u00a0<\/span><\/p><p>\u00a0<\/p><p>\u00a0<\/p><p><b>O que s\u00e3o cookies?\u00a0<\/b><\/p><p><span style=\"font-weight: 400;\">Um <\/span><b>cookie<\/b><span style=\"font-weight: 400;\"> se refere \u00e0queles pequenos textos que s\u00e3o enviados para o seu navegador atrav\u00e9s do nosso site. Atrav\u00e9s destes, o site lembra das informa\u00e7\u00f5es sobre a visita, facilitando o seu pr\u00f3ximo acesso e deixando o site mais \u00fatil para voc\u00ea. Utilizamos cookies em fun\u00e7\u00f5es como: contar os visitantes que recebemos na nossa p\u00e1gina, sendo ela por dia, semana, m\u00eas ou ano.\u00a0<\/span><\/p><p><span style=\"font-weight: 400;\">Voc\u00ea tem o poder de gerenciar como os cookies ser\u00e3o utilizados, recusando a sua utiliza\u00e7\u00e3o ao acessar o site e escolher, ou, permitir, atrav\u00e9s do bot\u00e3o <\/span><b>aceitar<\/b><span style=\"font-weight: 400;\">.\u00a0<\/span><\/p><p><span style=\"font-weight: 400;\">Os cookies usados pelo Game Us Blog coletam <\/span><b>dados para an\u00e1lise<\/b><span style=\"font-weight: 400;\"> que ajudam os servi\u00e7os a entenderem como os usu\u00e1rios interagem com o site, suas p\u00e1ginas e seus conte\u00fados e entender o engajamento dos usu\u00e1rios. Com essas informa\u00e7\u00f5es, \u00e9 poss\u00edvel ajustar o conte\u00fado e os recursos dos servi\u00e7os e oferecer uma melhor experi\u00eancia ao usu\u00e1rio. Coleta, portanto, <\/span><b>informa\u00e7\u00f5es estat\u00edsticas<\/b><span style=\"font-weight: 400;\"> de uso do site, sem identificar os visitantes.\u00a0<\/span><\/p><p><span style=\"font-weight: 400;\">\u00a0<\/span><\/p><p><b>Quais dados coletamos sobre voc\u00ea e para qual finalidade?<\/b><\/p><p><span style=\"font-weight: 400;\">Nosso site <\/span><b>coleta e utiliza<\/b><span style=\"font-weight: 400;\"> alguns dados pessoais de forma a aprimorar a experi\u00eancia de uso. A coleta \u00e9 dividida em suas categorias: (1) fornecidos manualmente pela(o) usu\u00e1ria(o) ou (2) coletados automaticamente. No primeiro caso, a coleta s\u00f3 ocorre quando a(o) usu\u00e1ria(o) inserir seus dados pessoais (como nome completo e e-mail) no <\/span><a href=\"https:\/\/gameus.pwmd.com.br\/index.php\/contato\/\"><b>formul\u00e1rio de contato<\/b><\/a><span style=\"font-weight: 400;\">. No segundo caso, os dados coletados automaticamente, e que servir\u00e3o para an\u00e1lise estat\u00edstica sem identifica\u00e7\u00e3o da(o) usu\u00e1ria(o), s\u00e3o: endere\u00e7o IP, localiza\u00e7\u00e3o aproximada de acordo com base de dados de endere\u00e7o IP, arquivo cookie de verifica\u00e7\u00e3o se j\u00e1 foi informado sobre a pol\u00edtica de privacidade, hist\u00f3rico de acessos anteriores e comportamento do visitante atrav\u00e9s da ferramenta Google Analytics e hist\u00f3rico de intera\u00e7\u00e3o com redes sociais como Facebook e Instagram atrav\u00e9s de sua plataforma de an\u00fancios Facebook Ads.<\/span><\/p><p><span style=\"font-weight: 400;\">\u00a0<\/span><\/p><p><b>Como coletamos os seus dados?\u00a0<\/b><\/p><p><span style=\"font-weight: 400;\">A coleta dos seus dados ocorre das seguintes formas: ao acessar o site e consentir com o uso de cookies e ao enviar um e-mail para o site atrav\u00e9s do formul\u00e1rio de contato. A partir do seu consentimento \u00e9 que trataremos os seus dados pessoais. O consentimento \u00e9 a manifesta\u00e7\u00e3o livre, informada e inequ\u00edvoca pela qual voc\u00ea autoriza o Game Us a tratar seus dados. Assim, em conson\u00e2ncia com a Lei Geral de Prote\u00e7\u00e3o de Dados, seus dados s\u00f3 ser\u00e3o coletados, tratados e armazenados mediante pr\u00e9vio e expresso consentimento. O seu consentimento ser\u00e1 obtido de forma espec\u00edfica no primeiro acesso ao site. A qualquer tempo e sem nenhum custo, voc\u00ea <\/span><b>poder\u00e1 revogar seu consentimento<\/b><span style=\"font-weight: 400;\">.<\/span><\/p><p><span style=\"font-weight: 400;\">\u00a0<\/span><\/p><p><b>Quais s\u00e3o os seus direitos?<\/b><\/p><p><span style=\"font-weight: 400;\">O site Game Us assegura \u00e0s(aos) usu\u00e1rias(os) seus direitos de titular previstos na Lei Geral de Prote\u00e7\u00e3o de Dados. Dessa forma, voc\u00ea pode, de maneira gratuita e a qualquer tempo: confirmar a exist\u00eancia de tratamento de dados, de maneira simplificada ou em formato claro e completo, eliminar seus dados tratados a partir de seu consentimento, exceto nos casos previstos em lei, revogar seu consentimento, desautorizando o tratamento de seus dados.<\/span><\/p><p><span style=\"font-weight: 400;\">\u00a0<\/span><\/p><p><b>Como voc\u00ea pode exercer seus direitos de titular?\u00a0<\/b><\/p><p><span style=\"font-weight: 400;\">Para exercer seus direitos, voc\u00ea deve entrar em contato com o site pwmd atrav\u00e9s do e-mail: <\/span><a href=\"mailto:admgameus@gmail.com\"><span style=\"font-weight: 400;\">admgameus@gmail.com<\/span><\/a><span style=\"font-weight: 400;\"> ou do <\/span><a href=\"https:\/\/gameus.pwmd.com.br\/index.php\/contato\/\"><b>formul\u00e1rio de contato<\/b><\/a><span style=\"font-weight: 400;\"> dispon\u00edvel no pr\u00f3prio site. De forma a garantir a sua correta identifica\u00e7\u00e3o como titular dos dados pessoais objeto da solicita\u00e7\u00e3o, \u00e9 poss\u00edvel que solicitemos documentos ou demais comprova\u00e7\u00f5es que possam comprovar sua identidade, nos casos aplic\u00e1veis.<\/span><\/p><p><span style=\"font-weight: 400;\">\u00a0<\/span><\/p><p><b>Como e por quanto tempo seus dados ser\u00e3o armazenados?<\/b><\/p><p><span style=\"font-weight: 400;\">Seus dados pessoais coletados pelo site Game Us ser\u00e3o utilizados e armazenados durante o tempo necess\u00e1rio para a finaliza\u00e7\u00e3o do contato feito. De modo geral, seus dados ser\u00e3o mantidos enquanto a rela\u00e7\u00e3o perdurar. Findado o atendimento, seus dados pessoais poder\u00e3o ser exclu\u00eddos a partir da sua solicita\u00e7\u00e3o ou, em caso de n\u00e3o solicita\u00e7\u00e3o, mantidos para futuros contatos.<\/span><\/p><p><span style=\"font-weight: 400;\">\u00a0<\/span><\/p><p><b>O que fazemos para manter seus dados seguros?\u00a0<\/b><\/p><p><span style=\"font-weight: 400;\">Os dados coletados a partir da inser\u00e7\u00e3o manual feita pela(o) usu\u00e1ria(o) n\u00e3o ser\u00e3o compartilhados com terceiros e ser\u00e3o usados exclusivamente para comunica\u00e7\u00e3o entre o site e voc\u00ea. Para mantermos suas informa\u00e7\u00f5es pessoais seguras, usamos ferramentas eletr\u00f4nicas orientadas para a prote\u00e7\u00e3o da sua privacidade. Entre as medidas que adotamos, destacamos as seguintes: apenas pessoas autorizadas t\u00eam acesso a seus dados pessoais, o acesso a seus dados pessoais \u00e9 feito somente ap\u00f3s o compromisso de confidencialidade, seus dados pessoais s\u00e3o armazenados em ambiente seguro. Apesar dos cuidados, \u00e9 necess\u00e1rio destacar que nenhuma p\u00e1gina virtual \u00e9 inteiramente segura e livre de riscos. \u00c9 poss\u00edvel que, apesar de todos os nossos protocolos de seguran\u00e7a, problemas de culpa exclusivamente de terceiros ocorram, como ataques cibern\u00e9ticos de hackers, ou tamb\u00e9m em decorr\u00eancia da neglig\u00eancia ou imprud\u00eancia da(o) pr\u00f3pria(o) usu\u00e1ria(o).<\/span><\/p><p><span style=\"font-weight: 400;\">\u00a0<\/span><\/p><p><b>Com quem seus dados podem ser compartilhados?<\/b><\/p><p><span style=\"font-weight: 400;\">Tendo em vista a preserva\u00e7\u00e3o de sua privacidade, n\u00e3o compartilhamos seus dados pessoais inseridos manualmente com nenhum terceiro. J\u00e1 os dados coletados automaticamente s\u00e3o compartilhados com servi\u00e7os estat\u00edsticos como, por exemplo, o Google Analytics.<\/span><\/p><p><span style=\"font-weight: 400;\">\u00a0<\/span><\/p><p><b>M\u00eddia incorporada de outros sites<\/b><\/p><p><span style=\"font-weight: 400;\">Artigos neste site podem incluir <\/span><b>conte\u00fado incorporado<\/b><span style=\"font-weight: 400;\"> como, por exemplo, v\u00eddeos, imagens, artigos, etc. Conte\u00fados incorporados de outros sites se comportam exatamente da mesma forma como se o visitante estivesse visitando o outro site.<\/span><\/p><p><span style=\"font-weight: 400;\">Estes sites podem coletar dados sobre voc\u00ea, usar cookies, incorporar rastreamento adicional de terceiros e monitorar sua intera\u00e7\u00e3o com este conte\u00fado incorporado, incluindo sua intera\u00e7\u00e3o com o conte\u00fado incorporado se voc\u00ea tem uma conta e est\u00e1 conectado com o site.<\/span><\/p><p><span style=\"font-weight: 400;\">\u00a0<\/span><\/p><p><b>Altera\u00e7\u00e3o desta pol\u00edtica de privacidade<\/b><\/p><p><span style=\"font-weight: 400;\">A atual vers\u00e3o da Pol\u00edtica de Privacidade foi formulada e atualizada pela \u00faltima vez em 15 de dezembro de 2021. Reservamos o direito de modificar essa Pol\u00edtica de Privacidade a qualquer tempo, principalmente em fun\u00e7\u00e3o da adequa\u00e7\u00e3o a eventuais altera\u00e7\u00f5es feitas em nosso site ou em \u00e2mbito legislativo. Recomendamos que voc\u00ea a revise com frequ\u00eancia. Eventuais altera\u00e7\u00f5es entrar\u00e3o em vigor a partir de sua publica\u00e7\u00e3o em nosso site e sempre lhe notificaremos acerca das mudan\u00e7as ocorridas. Ao utilizar nossos servi\u00e7os e fornecer seus dados pessoais ap\u00f3s tais modifica\u00e7\u00f5es, voc\u00ea \u00e0s consente.<\/span><\/p>\t\t\t\t\t\t<\/div>\n\t\t\t\t<\/div>\n\t\t\t\t\t<\/div>\n\t\t<\/div>\n\t\t\t\t\t\t\t<\/div>\n\t\t<\/section>\n\t\t\t\t\t\t<\/div>\n\t\t\t\t\t<\/div>\n\t\t","protected":false},"excerpt":{"rendered":"<p>No site Game Us Blog a privacidade e seguran\u00e7a dos seus dados s\u00e3o tratados com prioridades. Por isso, nos comprometemos com a transpar\u00eancia do tratamento de dados pessoais das(os) nossas(os) usu\u00e1rias(os). Esse documento sobre Pol\u00edtica de Privacidade estabelece como \u00e9 feita a coleta e o uso das informa\u00e7\u00f5es das(os) usu\u00e1rias(os) que acessam nosso site.\u00a0\u00a0 Ao utilizar nosso site, voc\u00ea entende que coletaremos e usaremos suas informa\u00e7\u00f5es pessoais nas formas descritas nesta Pol\u00edtica, sob as normas de Prote\u00e7\u00e3o de Dados (LGPD, Lei Federal 13.709\/2018), das disposi\u00e7\u00f5es consumeristas da Lei Federal 8078\/1990 e as demais normas do ordenamento jur\u00eddico brasileiro aplic\u00e1veis. Neste sentido, a administra\u00e7\u00e3o do site, intitulado Game Us, no papel de Controladores de Dados, obrigam-se ao disposto na presente pol\u00edtica de privacidade.\u00a0 \u00a0 \u00a0 \u00a0 O que s\u00e3o cookies?\u00a0 Um cookie se refere \u00e0queles pequenos textos que s\u00e3o enviados para o seu navegador atrav\u00e9s do nosso site. Atrav\u00e9s destes, o site lembra das informa\u00e7\u00f5es sobre a visita, facilitando o seu pr\u00f3ximo acesso e deixando o site mais \u00fatil para voc\u00ea. Utilizamos cookies em fun\u00e7\u00f5es como: contar os visitantes que recebemos na nossa p\u00e1gina, sendo ela por dia, semana, m\u00eas ou ano.\u00a0 Voc\u00ea tem o poder de gerenciar como os cookies ser\u00e3o utilizados, recusando a sua utiliza\u00e7\u00e3o ao acessar o site e escolher, ou, permitir, atrav\u00e9s do bot\u00e3o aceitar.\u00a0 Os cookies usados pelo Game Us Blog coletam dados para an\u00e1lise que ajudam os servi\u00e7os a entenderem como os usu\u00e1rios interagem com o site, suas p\u00e1ginas e seus conte\u00fados e entender o engajamento dos usu\u00e1rios. Com essas informa\u00e7\u00f5es, \u00e9 poss\u00edvel ajustar o conte\u00fado e os recursos dos servi\u00e7os e oferecer uma melhor experi\u00eancia ao usu\u00e1rio. Coleta, portanto, informa\u00e7\u00f5es estat\u00edsticas de uso do site, sem identificar os visitantes.\u00a0 \u00a0 Quais dados coletamos sobre voc\u00ea e para qual finalidade? Nosso site coleta e utiliza alguns dados pessoais de forma a aprimorar a experi\u00eancia de uso. A coleta \u00e9 dividida em suas categorias: (1) fornecidos manualmente pela(o) usu\u00e1ria(o) ou (2) coletados automaticamente. No primeiro caso, a coleta s\u00f3 ocorre quando a(o) usu\u00e1ria(o) inserir seus dados pessoais (como nome completo e e-mail) no formul\u00e1rio de contato. No segundo caso, os dados coletados automaticamente, e que servir\u00e3o para an\u00e1lise estat\u00edstica sem identifica\u00e7\u00e3o da(o) usu\u00e1ria(o), s\u00e3o: endere\u00e7o IP, localiza\u00e7\u00e3o aproximada de acordo com base de dados de endere\u00e7o IP, arquivo cookie de verifica\u00e7\u00e3o se j\u00e1 foi informado sobre a pol\u00edtica de privacidade, hist\u00f3rico de acessos anteriores e comportamento do visitante atrav\u00e9s da ferramenta Google Analytics e hist\u00f3rico de intera\u00e7\u00e3o com redes sociais como Facebook e Instagram atrav\u00e9s de sua plataforma de an\u00fancios Facebook Ads. \u00a0 Como coletamos os seus dados?\u00a0 A coleta dos seus dados ocorre das seguintes formas: ao acessar o site e consentir com o uso de cookies e ao enviar um e-mail para o site atrav\u00e9s do formul\u00e1rio de contato. A partir do seu consentimento \u00e9 que trataremos os seus dados pessoais. O consentimento \u00e9 a manifesta\u00e7\u00e3o livre, informada e inequ\u00edvoca pela qual voc\u00ea autoriza o Game Us a tratar seus dados. Assim, em conson\u00e2ncia com a Lei Geral de Prote\u00e7\u00e3o de Dados, seus dados s\u00f3 ser\u00e3o coletados, tratados e armazenados mediante pr\u00e9vio e expresso consentimento. O seu consentimento ser\u00e1 obtido de forma espec\u00edfica no primeiro acesso ao site. A qualquer tempo e sem nenhum custo, voc\u00ea poder\u00e1 revogar seu consentimento. \u00a0 Quais s\u00e3o os seus direitos? O site Game Us assegura \u00e0s(aos) usu\u00e1rias(os) seus direitos de titular previstos na Lei Geral de Prote\u00e7\u00e3o de Dados. Dessa forma, voc\u00ea pode, de maneira gratuita e a qualquer tempo: confirmar a exist\u00eancia de tratamento de dados, de maneira simplificada ou em formato claro e completo, eliminar seus dados tratados a partir de seu consentimento, exceto nos casos previstos em lei, revogar seu consentimento, desautorizando o tratamento de seus dados. \u00a0 Como voc\u00ea pode exercer seus direitos de titular?\u00a0 Para exercer seus direitos, voc\u00ea deve entrar em contato com o site pwmd atrav\u00e9s do e-mail: admgameus@gmail.com ou do formul\u00e1rio de contato dispon\u00edvel no pr\u00f3prio site. De forma a garantir a sua correta identifica\u00e7\u00e3o como titular dos dados pessoais objeto da solicita\u00e7\u00e3o, \u00e9 poss\u00edvel que solicitemos documentos ou demais comprova\u00e7\u00f5es que possam comprovar sua identidade, nos casos aplic\u00e1veis. \u00a0 Como e por quanto tempo seus dados ser\u00e3o armazenados? Seus dados pessoais coletados pelo site Game Us ser\u00e3o utilizados e armazenados durante o tempo necess\u00e1rio para a finaliza\u00e7\u00e3o do contato feito. De modo geral, seus dados ser\u00e3o mantidos enquanto a rela\u00e7\u00e3o perdurar. Findado o atendimento, seus dados pessoais poder\u00e3o ser exclu\u00eddos a partir da sua solicita\u00e7\u00e3o ou, em caso de n\u00e3o solicita\u00e7\u00e3o, mantidos para futuros contatos. \u00a0 O que fazemos para manter seus dados seguros?\u00a0 Os dados coletados a partir da inser\u00e7\u00e3o manual feita pela(o) usu\u00e1ria(o) n\u00e3o ser\u00e3o compartilhados com terceiros e ser\u00e3o usados exclusivamente para comunica\u00e7\u00e3o entre o site e voc\u00ea. Para mantermos suas informa\u00e7\u00f5es pessoais seguras, usamos ferramentas eletr\u00f4nicas orientadas para a prote\u00e7\u00e3o da sua privacidade. Entre as medidas que adotamos, destacamos as seguintes: apenas pessoas autorizadas t\u00eam acesso a seus dados pessoais, o acesso a seus dados pessoais \u00e9 feito somente ap\u00f3s o compromisso de confidencialidade, seus dados pessoais s\u00e3o armazenados em ambiente seguro. Apesar dos cuidados, \u00e9 necess\u00e1rio destacar que nenhuma p\u00e1gina virtual \u00e9 inteiramente segura e livre de riscos. \u00c9 poss\u00edvel que, apesar de todos os nossos protocolos de seguran\u00e7a, problemas de culpa exclusivamente de terceiros ocorram, como ataques cibern\u00e9ticos de hackers, ou tamb\u00e9m em decorr\u00eancia da neglig\u00eancia ou imprud\u00eancia da(o) pr\u00f3pria(o) usu\u00e1ria(o). \u00a0 Com quem seus dados podem ser compartilhados? Tendo em vista a preserva\u00e7\u00e3o de sua privacidade, n\u00e3o compartilhamos seus dados pessoais inseridos manualmente com nenhum terceiro. J\u00e1 os dados coletados automaticamente s\u00e3o compartilhados com servi\u00e7os estat\u00edsticos como, por exemplo, o Google Analytics. \u00a0 M\u00eddia incorporada de outros sites Artigos neste site podem incluir conte\u00fado incorporado como, por exemplo, v\u00eddeos, imagens, artigos, etc. Conte\u00fados incorporados de outros sites se comportam exatamente da mesma forma como se o visitante estivesse visitando o outro site. Estes sites podem coletar dados sobre voc\u00ea, usar cookies, incorporar rastreamento adicional de terceiros e monitorar sua intera\u00e7\u00e3o com este conte\u00fado incorporado, incluindo sua intera\u00e7\u00e3o com o conte\u00fado incorporado se voc\u00ea tem uma conta e est\u00e1 conectado com o site. \u00a0 Altera\u00e7\u00e3o desta pol\u00edtica de privacidade A atual vers\u00e3o da Pol\u00edtica de Privacidade foi formulada e atualizada pela \u00faltima vez em 15 de dezembro de 2021. Reservamos o direito de modificar essa Pol\u00edtica de Privacidade a qualquer tempo, principalmente em fun\u00e7\u00e3o da adequa\u00e7\u00e3o a eventuais altera\u00e7\u00f5es feitas em nosso site ou em \u00e2mbito legislativo. Recomendamos que voc\u00ea a revise com frequ\u00eancia. Eventuais altera\u00e7\u00f5es entrar\u00e3o em vigor a partir de sua publica\u00e7\u00e3o em nosso site e sempre lhe notificaremos acerca das mudan\u00e7as ocorridas. Ao utilizar nossos servi\u00e7os e fornecer seus dados pessoais ap\u00f3s tais modifica\u00e7\u00f5es, voc\u00ea \u00e0s consente.<\/p>\n","protected":false},"author":1,"featured_media":0,"parent":0,"menu_order":0,"comment_status":"closed","ping_status":"closed","template":"","meta":{"om_disable_all_campaigns":false,"_monsterinsights_skip_tracking":false,"_monsterinsights_sitenote_active":false,"_monsterinsights_sitenote_note":"","_monsterinsights_sitenote_category":0,"_themeisle_gutenberg_block_has_review":false,"_ti_tpc_template_sync":false,"_ti_tpc_template_id":"","footnotes":""},"class_list":["post-236","page","type-page","status-publish","hentry"],"_links":{"self":[{"href":"https:\/\/gameus.pwmd.com.br\/index.php\/wp-json\/wp\/v2\/pages\/236","targetHints":{"allow":["GET"]}}],"collection":[{"href":"https:\/\/gameus.pwmd.com.br\/index.php\/wp-json\/wp\/v2\/pages"}],"about":[{"href":"https:\/\/gameus.pwmd.com.br\/index.php\/wp-json\/wp\/v2\/types\/page"}],"author":[{"embeddable":true,"href":"https:\/\/gameus.pwmd.com.br\/index.php\/wp-json\/wp\/v2\/users\/1"}],"replies":[{"embeddable":true,"href":"https:\/\/gameus.pwmd.com.br\/index.php\/wp-json\/wp\/v2\/comments?post=236"}],"version-history":[{"count":11,"href":"https:\/\/gameus.pwmd.com.br\/index.php\/wp-json\/wp\/v2\/pages\/236\/revisions"}],"predecessor-version":[{"id":286,"href":"https:\/\/gameus.pwmd.com.br\/index.php\/wp-json\/wp\/v2\/pages\/236\/revisions\/286"}],"wp:attachment":[{"href":"https:\/\/gameus.pwmd.com.br\/index.php\/wp-json\/wp\/v2\/media?parent=236"}],"curies":[{"name":"wp","href":"https:\/\/api.w.org\/{rel}","templated":true}]}}